{"id":101,"date":"2018-07-13T13:46:51","date_gmt":"2018-07-13T13:46:51","guid":{"rendered":"http:\/\/qatarcenter.al\/al\/?page_id=101"},"modified":"2020-01-25T15:21:36","modified_gmt":"2020-01-25T14:21:36","slug":"turqisht","status":"publish","type":"page","link":"http:\/\/qatarcenter.al\/al\/turqisht\/","title":{"rendered":"Turqisht"},"content":{"rendered":"<p>Qatar Center ofron kurse n\u00eb gjuh\u00ebn Turke p\u00ebr f\u00ebmij\u00eb, adoleshent\u00eb dhe t\u00eb rritur n\u00eb t\u00eb gjitha nivelet dhe p\u00ebr t\u00eb gjitha k\u00ebrkesat, p\u00ebrfshir\u00eb dhe provimet e ndryshme q\u00eb k\u00ebrkohen p\u00ebr brenda apo jasht\u00eb vendit. Ne p\u00ebrdorim metodat e fundit p\u00ebr m\u00ebsimnx\u00ebnien e Gjuh\u00ebs Turke duke ofruar projekte t\u00eb shum\u00ebllojshme q\u00eb kursant\u00ebt t\u00eb m\u00ebsojn\u00eb jo vet\u00ebm n\u00eb ambjentet e Qendres son\u00eb por edhe n\u00eb praktik\u00eb, duke u b\u00ebr\u00eb pjes\u00eb e eksperiencave unike n\u00eb kontekste t\u00eb ndryshme socialo-kulturore.<\/p>\n<p>&nbsp;<\/p>\n<ul>\n<li>Niveli: A1<br \/>\nMetoda LALE TUR\u00c7E<br \/>\n48 or\u00eb gjith\u00ebsej (seanca 90 minut\u00ebshe)<br \/>\nKoh\u00ebzgjatja: 2.5 muaj<br \/>\nNr. i kursant\u00ebve: 5 \u2013 12<\/li>\n<\/ul>\n<p>&nbsp;<\/p>\n<ul>\n<li>Niveli: A2<br \/>\nMetoda: Arabisht me ju<br \/>\n48 or\u00eb gjith\u00ebsej (seanca 90 minut\u00ebshe)<br \/>\nKoh\u00ebzgjatja: 2.5 muaj<br \/>\nNr. i kursant\u00ebve: 5 \u2013 12<\/li>\n<\/ul>\n<p>&nbsp;<\/p>\n<ul>\n<li>Niveli: B1<br \/>\nMetoda: Arabisht me ju<br \/>\n48 or\u00eb gjith\u00ebsej (seanca 90 minut\u00ebshe)<br \/>\nKoh\u00ebzgjatja: 2.5 muaj<br \/>\nNr. i kursant\u00ebve: 5 \u2013 12<\/li>\n<\/ul>\n<p>&nbsp;<\/p>\n<ul>\n<li>Niveli: B2<br \/>\nMetoda: Arabisht me ju<br \/>\n48 or\u00eb gjith\u00ebsej (seanca 90 minut\u00ebshe)<br \/>\nKoh\u00ebzgjatja: 2.5 muaj<br \/>\nNr. i kursant\u00ebve: 5 \u2013 12<\/li>\n<\/ul>\n<p>&nbsp;<\/p>\n<ul>\n<li>Niveli: C1<br \/>\nMetoda: Arabisht me ju<br \/>\n48 or\u00eb gjith\u00ebsej (seanca 90 minut\u00ebshe)<br \/>\nKoh\u00ebzgjatja: 2.5 muaj<br \/>\nNr. i kursant\u00ebve: 5 \u2013 12<\/li>\n<\/ul>\n<p>&nbsp;<\/p>\n<ul>\n<li>Niveli: C2<br \/>\nMetoda: Arabisht me ju<br \/>\n48 or\u00eb gjith\u00ebsej (seanca 90 minut\u00ebshe)<br \/>\nKoh\u00ebzgjatja: 2.5 muaj<br \/>\nNr. i kursant\u00ebve: 5 \u2013 12<\/li>\n<\/ul>\n<p>&nbsp;<\/p>\n<p>&nbsp;<\/p>\n","protected":false},"excerpt":{"rendered":"<p>Qatar Center ofron kurse n\u00eb gjuh\u00ebn Turke p\u00ebr f\u00ebmij\u00eb, adoleshent\u00eb dhe t\u00eb rritur n\u00eb t\u00eb gjitha nivelet dhe p\u00ebr t\u00eb gjitha k\u00ebrkesat, p\u00ebrfshir\u00eb dhe provimet e ndryshme q\u00eb k\u00ebrkohen p\u00ebr brenda apo jasht\u00eb vendit. Ne p\u00ebrdorim metodat e fundit p\u00ebr m\u00ebsimnx\u00ebnien e Gjuh\u00ebs Turke duke [&hellip;]<\/p>\n","protected":false},"author":1,"featured_media":0,"parent":0,"menu_order":0,"comment_status":"closed","ping_status":"closed","template":"","meta":{"footnotes":""},"class_list":["post-101","page","type-page","status-publish","hentry"],"_links":{"self":[{"href":"http:\/\/qatarcenter.al\/al\/wp-json\/wp\/v2\/pages\/101","targetHints":{"allow":["GET"]}}],"collection":[{"href":"http:\/\/qatarcenter.al\/al\/wp-json\/wp\/v2\/pages"}],"about":[{"href":"http:\/\/qatarcenter.al\/al\/wp-json\/wp\/v2\/types\/page"}],"author":[{"embeddable":true,"href":"http:\/\/qatarcenter.al\/al\/wp-json\/wp\/v2\/users\/1"}],"replies":[{"embeddable":true,"href":"http:\/\/qatarcenter.al\/al\/wp-json\/wp\/v2\/comments?post=101"}],"version-history":[{"count":3,"href":"http:\/\/qatarcenter.al\/al\/wp-json\/wp\/v2\/pages\/101\/revisions"}],"predecessor-version":[{"id":185,"href":"http:\/\/qatarcenter.al\/al\/wp-json\/wp\/v2\/pages\/101\/revisions\/185"}],"wp:attachment":[{"href":"http:\/\/qatarcenter.al\/al\/wp-json\/wp\/v2\/media?parent=101"}],"curies":[{"name":"wp","href":"https:\/\/api.w.org\/{rel}","templated":true}]}}