{"id":103,"date":"2018-07-13T13:47:15","date_gmt":"2018-07-13T13:47:15","guid":{"rendered":"http:\/\/qatarcenter.al\/al\/?page_id=103"},"modified":"2020-01-25T15:18:29","modified_gmt":"2020-01-25T14:18:29","slug":"arabisht","status":"publish","type":"page","link":"http:\/\/qatarcenter.al\/al\/arabisht\/","title":{"rendered":"Arabisht"},"content":{"rendered":"<p>Qartar Center zhvillon kurse te nivele te ndryshme per pervetesimin e gjuhes arabe.<\/p>\n<p>&nbsp;<\/p>\n<ul>\n<li>Niveli: A1<br \/>\nMetoda: Arabisht me ju<br \/>\n48 or\u00eb gjith\u00ebsej (seanca 90 minut\u00ebshe)<br \/>\nKoh\u00ebzgjatja: 2.5 muaj<br \/>\nNr. i kursant\u00ebve: 5 \u2013 12<\/li>\n<\/ul>\n<p>&nbsp;<\/p>\n<ul>\n<li>Niveli: A2<br \/>\nMetoda: Arabisht me ju<br \/>\n48 or\u00eb gjith\u00ebsej (seanca 90 minut\u00ebshe)<br \/>\nKoh\u00ebzgjatja: 2.5 muaj<br \/>\nNr. i kursant\u00ebve: 5 \u2013 12<\/li>\n<\/ul>\n<p>&nbsp;<\/p>\n<ul>\n<li>Niveli: B1<br \/>\nMetoda: Arabisht me ju<br \/>\n48 or\u00eb gjith\u00ebsej (seanca 90 minut\u00ebshe)<br \/>\nKoh\u00ebzgjatja: 2.5 muaj<br \/>\nNr. i kursant\u00ebve: 5 \u2013 12<\/li>\n<\/ul>\n<p>&nbsp;<\/p>\n<ul>\n<li>Niveli: B2<br \/>\nMetoda: Arabisht me ju<br \/>\n48 or\u00eb gjith\u00ebsej (seanca 90 minut\u00ebshe)<br \/>\nKoh\u00ebzgjatja: 2.5 muaj<br \/>\nNr. i kursant\u00ebve: 5 \u2013 12<\/li>\n<\/ul>\n<p>&nbsp;<\/p>\n<ul>\n<li>Niveli C1<br \/>\nMetoda: Arabisht me ju<br \/>\n48 or\u00eb gjith\u00ebsej (seanca 90 minut\u00ebshe)<br \/>\nKoh\u00ebzgjatja: 2.5 muaj<br \/>\nNr. i kursant\u00ebve: 5 \u2013 12<\/li>\n<\/ul>\n<p>&nbsp;<\/p>\n<ul>\n<li>Niveli C2<br \/>\nMetoda: Arabisht me ju<br \/>\n48 or\u00eb gjith\u00ebsej (seanca 90 minut\u00ebshe)<br \/>\nKoh\u00ebzgjatja: 2.5 muaj<br \/>\nNr. i kursant\u00ebve: 5 \u2013 12<\/li>\n<\/ul>\n<p>&nbsp;<\/p>\n<p>&nbsp;<\/p>\n","protected":false},"excerpt":{"rendered":"<p>Qartar Center zhvillon kurse te nivele te ndryshme per pervetesimin e gjuhes arabe. &nbsp; Niveli: A1 Metoda: Arabisht me ju 48 or\u00eb gjith\u00ebsej (seanca 90 minut\u00ebshe) Koh\u00ebzgjatja: 2.5 muaj Nr. i kursant\u00ebve: 5 \u2013 12 &nbsp; Niveli: A2 Metoda: Arabisht me ju 48 or\u00eb gjith\u00ebsej [&hellip;]<\/p>\n","protected":false},"author":1,"featured_media":0,"parent":0,"menu_order":0,"comment_status":"closed","ping_status":"closed","template":"","meta":{"footnotes":""},"class_list":["post-103","page","type-page","status-publish","hentry"],"_links":{"self":[{"href":"http:\/\/qatarcenter.al\/al\/wp-json\/wp\/v2\/pages\/103","targetHints":{"allow":["GET"]}}],"collection":[{"href":"http:\/\/qatarcenter.al\/al\/wp-json\/wp\/v2\/pages"}],"about":[{"href":"http:\/\/qatarcenter.al\/al\/wp-json\/wp\/v2\/types\/page"}],"author":[{"embeddable":true,"href":"http:\/\/qatarcenter.al\/al\/wp-json\/wp\/v2\/users\/1"}],"replies":[{"embeddable":true,"href":"http:\/\/qatarcenter.al\/al\/wp-json\/wp\/v2\/comments?post=103"}],"version-history":[{"count":3,"href":"http:\/\/qatarcenter.al\/al\/wp-json\/wp\/v2\/pages\/103\/revisions"}],"predecessor-version":[{"id":181,"href":"http:\/\/qatarcenter.al\/al\/wp-json\/wp\/v2\/pages\/103\/revisions\/181"}],"wp:attachment":[{"href":"http:\/\/qatarcenter.al\/al\/wp-json\/wp\/v2\/media?parent=103"}],"curies":[{"name":"wp","href":"https:\/\/api.w.org\/{rel}","templated":true}]}}