{"id":138,"date":"2019-03-02T14:03:58","date_gmt":"2019-03-02T14:03:58","guid":{"rendered":"http:\/\/qatarcenter.al\/al\/?page_id=138"},"modified":"2020-01-25T15:10:26","modified_gmt":"2020-01-25T14:10:26","slug":"frengjisht","status":"publish","type":"page","link":"http:\/\/qatarcenter.al\/al\/frengjisht\/","title":{"rendered":"Frengjisht"},"content":{"rendered":"<p>M\u00ebsimi i gjuhes frenge ne Qatar Center zhvillohet ne baze te metodes Alter-Ego\/Campus.<\/p>\n<p>&nbsp;<\/p>\n<ul>\n<li>Niveli: A1<br \/>\nMetoda: Alter-Ego\/Campus<br \/>\n48 or\u00eb gjith\u00ebsej (seanca 90 minut\u00ebshe)<br \/>\nKoh\u00ebzgjatja: 2.5 muaj<br \/>\nNr. i kursant\u00ebve: 5 \u2013 12<\/li>\n<\/ul>\n<p>&nbsp;<\/p>\n<ul>\n<li>Niveli: A2<br \/>\nMetoda: Alter-Ego\/Campus<br \/>\n48 or\u00eb gjith\u00ebsej (seanca 90 minut\u00ebshe)<br \/>\nKoh\u00ebzgjatja: 2.5 muaj<br \/>\nNr. i kursant\u00ebve: 5 \u2013 12<\/li>\n<\/ul>\n<p>&nbsp;<\/p>\n<ul>\n<li>Niveli: B1<br \/>\nMetoda: Alter-Ego \/Campus<br \/>\n48 or\u00eb gjith\u00ebsej (seanca 90 minut\u00ebshe)<br \/>\nKoh\u00ebzgjatja: 2.5 muaj<br \/>\nNr. i kursant\u00ebve: 5 \u2013 12<\/li>\n<\/ul>\n<p>&nbsp;<\/p>\n<ul>\n<li>Niveli: B2<br \/>\nMetoda:Alter-Ego\/Campus<br \/>\n72 or\u00eb gjith\u00ebsej (seanca 90 minut\u00ebshe)<br \/>\nKoh\u00ebzgjatja: 3.5 muaj<br \/>\nNr. i kursant\u00ebve: 5 \u2013 12<\/li>\n<\/ul>\n<p>&nbsp;<\/p>\n<ul>\n<li>Niveli: C1<br \/>\nMetoda:Alter-Ego\/Campus<br \/>\n72 or\u00eb gjith\u00ebsej (seanca 90 minut\u00ebshe)<br \/>\nKoh\u00ebzgjatja: 3.5 muaj<br \/>\nNr. i kursant\u00ebve: 5 \u2013 12<\/li>\n<\/ul>\n<p>&nbsp;<\/p>\n<ul>\n<li>Niveli: C2<br \/>\nMetoda:Alter-Ego\/Campus<br \/>\n72 or\u00eb gjith\u00ebsej (seanca 90 minut\u00ebshe)<br \/>\nKoh\u00ebzgjatja: 3.5 muaj<br \/>\nNr. i kursant\u00ebve: 5 \u2013 12<\/li>\n<\/ul>\n<p>&nbsp;<\/p>\n<p>&nbsp;<\/p>\n","protected":false},"excerpt":{"rendered":"<p>M\u00ebsimi i gjuhes frenge ne Qatar Center zhvillohet ne baze te metodes Alter-Ego\/Campus. &nbsp; Niveli: A1 Metoda: Alter-Ego\/Campus 48 or\u00eb gjith\u00ebsej (seanca 90 minut\u00ebshe) Koh\u00ebzgjatja: 2.5 muaj Nr. i kursant\u00ebve: 5 \u2013 12 &nbsp; Niveli: A2 Metoda: Alter-Ego\/Campus 48 or\u00eb gjith\u00ebsej (seanca 90 minut\u00ebshe) Koh\u00ebzgjatja: [&hellip;]<\/p>\n","protected":false},"author":1,"featured_media":0,"parent":0,"menu_order":0,"comment_status":"closed","ping_status":"closed","template":"","meta":{"footnotes":""},"class_list":["post-138","page","type-page","status-publish","hentry"],"_links":{"self":[{"href":"http:\/\/qatarcenter.al\/al\/wp-json\/wp\/v2\/pages\/138","targetHints":{"allow":["GET"]}}],"collection":[{"href":"http:\/\/qatarcenter.al\/al\/wp-json\/wp\/v2\/pages"}],"about":[{"href":"http:\/\/qatarcenter.al\/al\/wp-json\/wp\/v2\/types\/page"}],"author":[{"embeddable":true,"href":"http:\/\/qatarcenter.al\/al\/wp-json\/wp\/v2\/users\/1"}],"replies":[{"embeddable":true,"href":"http:\/\/qatarcenter.al\/al\/wp-json\/wp\/v2\/comments?post=138"}],"version-history":[{"count":3,"href":"http:\/\/qatarcenter.al\/al\/wp-json\/wp\/v2\/pages\/138\/revisions"}],"predecessor-version":[{"id":175,"href":"http:\/\/qatarcenter.al\/al\/wp-json\/wp\/v2\/pages\/138\/revisions\/175"}],"wp:attachment":[{"href":"http:\/\/qatarcenter.al\/al\/wp-json\/wp\/v2\/media?parent=138"}],"curies":[{"name":"wp","href":"https:\/\/api.w.org\/{rel}","templated":true}]}}