{"id":178,"date":"2020-01-25T15:15:56","date_gmt":"2020-01-25T14:15:56","guid":{"rendered":"http:\/\/qatarcenter.al\/al\/?page_id=178"},"modified":"2020-01-25T15:15:56","modified_gmt":"2020-01-25T14:15:56","slug":"gjermanisht","status":"publish","type":"page","link":"http:\/\/qatarcenter.al\/al\/gjermanisht\/","title":{"rendered":"Gjermanisht"},"content":{"rendered":"<p>Qatar Center zhvillon kurse t\u00eb gjuh\u00ebs gjermane sipas metodes \u201cBerliner Platz\u201d<\/p>\n<p>&nbsp;<\/p>\n<ul>\n<li>Niveli: A1<br \/>\nMetoda: BERLINER PLATZ (NEU)<br \/>\n48 or\u00eb gjith\u00ebsej (seanca 90 minut\u00ebshe)<br \/>\nKoh\u00ebzgjatja: 2.5 muaj<br \/>\nNr. i kursant\u00ebve: 5 \u2013 12<\/li>\n<\/ul>\n<p>&nbsp;<\/p>\n<ul>\n<li>Niveli: A2<br \/>\nMetoda: BERLINER PLATZ(NEU)<br \/>\n48 or\u00eb gjith\u00ebsej (seanca 90 minut\u00ebshe)<br \/>\nKoh\u00ebzgjatja: 2.5 muaj<br \/>\nNr. i kursant\u00ebve: 5 \u2013 12<\/li>\n<\/ul>\n<p>&nbsp;<\/p>\n<ul>\n<li>Niveli: B1<br \/>\nMetoda: BERLINER PLATZ(NEU)<br \/>\n48 or\u00eb gjith\u00ebsej (seanca 90 minut\u00ebshe)<br \/>\nKoh\u00ebzgjatja: 2.5 muaj<br \/>\nNr. i kursant\u00ebve: 5 \u2013 12<\/li>\n<\/ul>\n<p>&nbsp;<\/p>\n<ul>\n<li>Niveli: B2<br \/>\nMetoda: BERLINER PLATZ(NEU)<br \/>\n72 or\u00eb gjith\u00ebsej (seanca 90 minut\u00ebshe)<br \/>\nKoh\u00ebzgjatja: 3.5 muaj<br \/>\nNr. i kursant\u00ebve: 5 \u2013 12<\/li>\n<\/ul>\n<p>&nbsp;<\/p>\n<ul>\n<li>Niveli: C1<br \/>\nMetoda: BERLINER PLATZ(NEU)<br \/>\n72 or\u00eb gjith\u00ebsej (seanca 90 minut\u00ebshe)<br \/>\nKoh\u00ebzgjatja: 3.5 muaj<br \/>\nNr. i kursant\u00ebve: 5 \u2013 12<\/li>\n<\/ul>\n<p>&nbsp;<\/p>\n<ul>\n<li>Niveli: C2<br \/>\nMetoda: BERLINER PLATZ(NEU)<br \/>\n72 or\u00eb gjith\u00ebsej (seanca 90 minut\u00ebshe)<br \/>\nKoh\u00ebzgjatja: 3.5 muaj<br \/>\nNr. i kursant\u00ebve: 5 \u2013 12<\/li>\n<\/ul>\n<p>&nbsp;<\/p>\n<p>&nbsp;<\/p>\n","protected":false},"excerpt":{"rendered":"<p>Qatar Center zhvillon kurse t\u00eb gjuh\u00ebs gjermane sipas metodes \u201cBerliner Platz\u201d &nbsp; Niveli: A1 Metoda: BERLINER PLATZ (NEU) 48 or\u00eb gjith\u00ebsej (seanca 90 minut\u00ebshe) Koh\u00ebzgjatja: 2.5 muaj Nr. i kursant\u00ebve: 5 \u2013 12 &nbsp; Niveli: A2 Metoda: BERLINER PLATZ(NEU) 48 or\u00eb gjith\u00ebsej (seanca 90 minut\u00ebshe) [&hellip;]<\/p>\n","protected":false},"author":1,"featured_media":0,"parent":0,"menu_order":0,"comment_status":"closed","ping_status":"closed","template":"","meta":{"footnotes":""},"class_list":["post-178","page","type-page","status-publish","hentry"],"_links":{"self":[{"href":"http:\/\/qatarcenter.al\/al\/wp-json\/wp\/v2\/pages\/178","targetHints":{"allow":["GET"]}}],"collection":[{"href":"http:\/\/qatarcenter.al\/al\/wp-json\/wp\/v2\/pages"}],"about":[{"href":"http:\/\/qatarcenter.al\/al\/wp-json\/wp\/v2\/types\/page"}],"author":[{"embeddable":true,"href":"http:\/\/qatarcenter.al\/al\/wp-json\/wp\/v2\/users\/1"}],"replies":[{"embeddable":true,"href":"http:\/\/qatarcenter.al\/al\/wp-json\/wp\/v2\/comments?post=178"}],"version-history":[{"count":1,"href":"http:\/\/qatarcenter.al\/al\/wp-json\/wp\/v2\/pages\/178\/revisions"}],"predecessor-version":[{"id":179,"href":"http:\/\/qatarcenter.al\/al\/wp-json\/wp\/v2\/pages\/178\/revisions\/179"}],"wp:attachment":[{"href":"http:\/\/qatarcenter.al\/al\/wp-json\/wp\/v2\/media?parent=178"}],"curies":[{"name":"wp","href":"https:\/\/api.w.org\/{rel}","templated":true}]}}