{"id":186,"date":"2020-01-25T15:24:17","date_gmt":"2020-01-25T14:24:17","guid":{"rendered":"http:\/\/qatarcenter.al\/al\/?page_id=186"},"modified":"2020-01-25T15:35:07","modified_gmt":"2020-01-25T14:35:07","slug":"shqip-per-te-huajt","status":"publish","type":"page","link":"http:\/\/qatarcenter.al\/al\/shqip-per-te-huajt\/","title":{"rendered":"Shqip per te huajt"},"content":{"rendered":"<p>Prane Qatar Center \u00e7do individ i huaj ka mundesine te pervetesoj gjuhen shqipe dhe te pajiset me \u00e7ertifikate per njohjen e kesaj gjuhe.<\/p>\n<p>&nbsp;<\/p>\n<ul>\n<li>Niveli A1<br \/>\nMetoda: Shqip p\u00ebr t\u00eb huajt<br \/>\n48 or\u00eb gjith\u00ebsej (seanca 90 minut\u00ebshe)<br \/>\nKoh\u00ebzgjatja: 2.5 muaj<br \/>\nNr. i kursant\u00ebve: 5 \u2013 12<\/li>\n<\/ul>\n<p>&nbsp;<\/p>\n<ul>\n<li>Niveli A2<br \/>\nMetoda: Shqip p\u00ebr t\u00eb huajt<br \/>\n48 or\u00eb gjith\u00ebsej (seanca 90 minut\u00ebshe)<br \/>\nKoh\u00ebzgjatja: 2.5 muaj<br \/>\nNr. i kursant\u00ebve: 5 \u2013 12<\/li>\n<\/ul>\n<p>&nbsp;<\/p>\n<ul>\n<li>Niveli B1<br \/>\nMetoda: Shqip p\u00ebr t\u00eb huajt<br \/>\n48 or\u00eb gjith\u00ebsej (seanca 90 minut\u00ebshe)<br \/>\nKoh\u00ebzgjatja: 2.5 muaj<br \/>\nNr. i kursant\u00ebve: 5 \u2013 12<\/li>\n<\/ul>\n<p>&nbsp;<\/p>\n<ul>\n<li>Niveli B2<br \/>\nMetoda: Shqip p\u00ebr t\u00eb huajt<br \/>\n48 or\u00eb gjith\u00ebsej (seanca 90 minut\u00ebshe)<br \/>\nKoh\u00ebzgjatja: 2.5 muaj<br \/>\nNr. i kursant\u00ebve: 5 \u2013 12<\/li>\n<\/ul>\n<p>&nbsp;<\/p>\n<ul>\n<li>Niveli C1<br \/>\nMetoda: Shqip p\u00ebr t\u00eb huajt<br \/>\n48 or\u00eb gjith\u00ebsej (seanca 90 minut\u00ebshe)<br \/>\nKoh\u00ebzgjatja: 2.5 muaj<br \/>\nNr. i kursant\u00ebve: 5 \u2013 12<\/li>\n<\/ul>\n<p>&nbsp;<\/p>\n<ul>\n<li>Niveli C2<br \/>\nMetoda: Shqip p\u00ebr t\u00eb huajt<br \/>\n48 or\u00eb gjith\u00ebsej (seanca 90 minut\u00ebshe)<br \/>\nKoh\u00ebzgjatja: 2.5 muaj<br \/>\nNr. i kursant\u00ebve: 5 \u2013 12<\/li>\n<\/ul>\n<p>&nbsp;<\/p>\n<p><em>\u00c7do kursant n\u00eb fund t\u00eb programit pajiset me \u00e7ertifikat\u00eb e cila njihet nga Ministria e Financave dhe e Ekonomise.<\/em><\/p>\n<p>&nbsp;<\/p>\n","protected":false},"excerpt":{"rendered":"<p>Prane Qatar Center \u00e7do individ i huaj ka mundesine te pervetesoj gjuhen shqipe dhe te pajiset me \u00e7ertifikate per njohjen e kesaj gjuhe. &nbsp; Niveli A1 Metoda: Shqip p\u00ebr t\u00eb huajt 48 or\u00eb gjith\u00ebsej (seanca 90 minut\u00ebshe) Koh\u00ebzgjatja: 2.5 muaj Nr. i kursant\u00ebve: 5 \u2013 [&hellip;]<\/p>\n","protected":false},"author":1,"featured_media":0,"parent":0,"menu_order":0,"comment_status":"closed","ping_status":"closed","template":"","meta":{"footnotes":""},"class_list":["post-186","page","type-page","status-publish","hentry"],"_links":{"self":[{"href":"http:\/\/qatarcenter.al\/al\/wp-json\/wp\/v2\/pages\/186","targetHints":{"allow":["GET"]}}],"collection":[{"href":"http:\/\/qatarcenter.al\/al\/wp-json\/wp\/v2\/pages"}],"about":[{"href":"http:\/\/qatarcenter.al\/al\/wp-json\/wp\/v2\/types\/page"}],"author":[{"embeddable":true,"href":"http:\/\/qatarcenter.al\/al\/wp-json\/wp\/v2\/users\/1"}],"replies":[{"embeddable":true,"href":"http:\/\/qatarcenter.al\/al\/wp-json\/wp\/v2\/comments?post=186"}],"version-history":[{"count":3,"href":"http:\/\/qatarcenter.al\/al\/wp-json\/wp\/v2\/pages\/186\/revisions"}],"predecessor-version":[{"id":191,"href":"http:\/\/qatarcenter.al\/al\/wp-json\/wp\/v2\/pages\/186\/revisions\/191"}],"wp:attachment":[{"href":"http:\/\/qatarcenter.al\/al\/wp-json\/wp\/v2\/media?parent=186"}],"curies":[{"name":"wp","href":"https:\/\/api.w.org\/{rel}","templated":true}]}}