{"id":97,"date":"2018-07-13T13:46:19","date_gmt":"2018-07-13T13:46:19","guid":{"rendered":"http:\/\/qatarcenter.al\/al\/?page_id=97"},"modified":"2020-01-25T15:09:55","modified_gmt":"2020-01-25T14:09:55","slug":"anglisht","status":"publish","type":"page","link":"http:\/\/qatarcenter.al\/al\/anglisht\/","title":{"rendered":"Anglisht"},"content":{"rendered":"<p>Qatar Center ofron kurse te gjuhes angleze, te cilat zhvillohen me ane te metodave te ndryshme sipas nivele dhe grupmoshave.<\/p>\n<p><em>1.Metoda Headway the Third edition<\/em><\/p>\n<p><em>2.Upstream <\/em><\/p>\n<p><em>3.Englisht Zone per femije dhe metoda\u00a0<\/em><em>te tjera.<\/em><\/p>\n<p>&nbsp;<\/p>\n<ul>\n<li>Niveli: Beginner<br \/>\nMetoda: Headway the third edition, Oxford press\/Upstream<br \/>\n48 or\u00eb gjith\u00ebsej (seanca 90 minut\u00ebshe)<br \/>\nKoh\u00ebzgjatja: 2.5 muaj<br \/>\nNr. i kursant\u00ebve: 5 \u2013 12<\/li>\n<\/ul>\n<p>&nbsp;<\/p>\n<ul>\n<li>Niveli: Elementary\/ Upstream<br \/>\nMetoda: Headway the third edition, Oxford press<br \/>\n48 or\u00eb gjith\u00ebsej (seanca 90 minut\u00ebshe)<br \/>\nKoh\u00ebzgjatja: 2.5 muaj<br \/>\nNr. i kursant\u00ebve: 5 \u2013 12<\/li>\n<\/ul>\n<p>&nbsp;<\/p>\n<ul>\n<li>Niveli: Pre-Intermediate<br \/>\nMetoda: Headway the third edition, Oxford press\/ Upstream<br \/>\n72\u00a0 or\u00eb gjith\u00ebsej (seanca 90 minut\u00ebshe)<br \/>\nKoh\u00ebzgjatja: 3.5 muaj<br \/>\nNr. i kursant\u00ebve: 5 \u2013 12 persona<\/li>\n<\/ul>\n<p>&nbsp;<\/p>\n<ul>\n<li>Niveli: Intermediate<br \/>\nMetoda: Headway the third edition, Oxford press\/ Upstream<br \/>\n82 or\u00eb gjith\u00ebsej (seanca 90 minut\u00ebshe)<br \/>\nKoh\u00ebzgjatja: 4 muaj<br \/>\nNr. i kursant\u00ebve: 5 \u2013 12<\/li>\n<\/ul>\n<p>&nbsp;<\/p>\n<ul>\n<li>Niveli: Upper Intermediate<br \/>\nMetoda: Headway the third edition, Oxford press<br \/>\n82 or\u00eb gjith\u00ebsej (seanca 90 minut\u00ebshe)<br \/>\nKoh\u00ebzgjatja: 4 muaj<br \/>\nNr. i kursant\u00ebve: 5 \u2013 12<\/li>\n<\/ul>\n<p>&nbsp;<\/p>\n<ul>\n<li>Niveli: Advance<br \/>\nMetoda: Headway the third edition, Oxford press<br \/>\n82 or\u00eb gjith\u00ebsej (seanca 90 minut\u00ebshe)<br \/>\nKoh\u00ebzgjatja: 4 muaj<br \/>\nNr. i kursant\u00ebve: 5 \u2013 12<\/li>\n<\/ul>\n<p>&nbsp;<\/p>\n<p>&nbsp;<\/p>\n","protected":false},"excerpt":{"rendered":"<p>Qatar Center ofron kurse te gjuhes angleze, te cilat zhvillohen me ane te metodave te ndryshme sipas nivele dhe grupmoshave. 1.Metoda Headway the Third edition 2.Upstream 3.Englisht Zone per femije dhe metoda\u00a0te tjera. &nbsp; Niveli: Beginner Metoda: Headway the third edition, Oxford press\/Upstream 48 or\u00eb [&hellip;]<\/p>\n","protected":false},"author":1,"featured_media":0,"parent":0,"menu_order":0,"comment_status":"closed","ping_status":"closed","template":"","meta":{"footnotes":""},"class_list":["post-97","page","type-page","status-publish","hentry"],"_links":{"self":[{"href":"http:\/\/qatarcenter.al\/al\/wp-json\/wp\/v2\/pages\/97","targetHints":{"allow":["GET"]}}],"collection":[{"href":"http:\/\/qatarcenter.al\/al\/wp-json\/wp\/v2\/pages"}],"about":[{"href":"http:\/\/qatarcenter.al\/al\/wp-json\/wp\/v2\/types\/page"}],"author":[{"embeddable":true,"href":"http:\/\/qatarcenter.al\/al\/wp-json\/wp\/v2\/users\/1"}],"replies":[{"embeddable":true,"href":"http:\/\/qatarcenter.al\/al\/wp-json\/wp\/v2\/comments?post=97"}],"version-history":[{"count":5,"href":"http:\/\/qatarcenter.al\/al\/wp-json\/wp\/v2\/pages\/97\/revisions"}],"predecessor-version":[{"id":173,"href":"http:\/\/qatarcenter.al\/al\/wp-json\/wp\/v2\/pages\/97\/revisions\/173"}],"wp:attachment":[{"href":"http:\/\/qatarcenter.al\/al\/wp-json\/wp\/v2\/media?parent=97"}],"curies":[{"name":"wp","href":"https:\/\/api.w.org\/{rel}","templated":true}]}}