{"id":99,"date":"2018-07-13T13:46:35","date_gmt":"2018-07-13T13:46:35","guid":{"rendered":"http:\/\/qatarcenter.al\/al\/?page_id=99"},"modified":"2020-01-25T15:13:04","modified_gmt":"2020-01-25T14:13:04","slug":"italisht","status":"publish","type":"page","link":"http:\/\/qatarcenter.al\/al\/italisht\/","title":{"rendered":"Italisht"},"content":{"rendered":"<p>Prane Qatar Center ju mund t\u00eb p\u00ebrvet\u00ebsoni m\u00eb s\u00eb miri gjuh\u00ebn italiane dhe t\u00eb merrni \u00e7ertifikat\u00eb t\u00eb posatshme p\u00ebr ushtrimin e gjuh\u00ebs italiane<\/p>\n<p>&nbsp;<\/p>\n<ul>\n<li>Niveli: A1<br \/>\nMetoda: PROGETTO ITALIANO (NUOVO)<br \/>\n48 or\u00eb gjith\u00ebsej (seanca 90 minut\u00ebshe)<br \/>\nKoh\u00ebzgjatja: 2.5 muaj<br \/>\nNr. i kursant\u00ebve: 5 \u2013 12<\/li>\n<\/ul>\n<p>&nbsp;<\/p>\n<ul>\n<li>Niveli: A2<br \/>\nMetoda: PROGETTO ITALIANO (NUOVO)<br \/>\n48 or\u00eb gjith\u00ebsej (seanca 90 minut\u00ebshe)<br \/>\nKoh\u00ebzgjatja: 2.5 muaj<br \/>\nNr. i kursant\u00ebve: 5 \u2013 12<\/li>\n<\/ul>\n<p>&nbsp;<\/p>\n<ul>\n<li>Niveli: B1<br \/>\nMetoda: PROGETTO ITALIANO (NUOVO)<br \/>\n48 or\u00eb gjith\u00ebsej (seanca 90 minut\u00ebshe)<br \/>\nKoh\u00ebzgjatja: 2.5 muaj<br \/>\nNr. i kursant\u00ebve: 5 \u2013 12<\/li>\n<\/ul>\n<p>&nbsp;<\/p>\n<ul>\n<li>Niveli: B2<br \/>\nMetoda: PROGETTO ITALIANO (NUOVO)<br \/>\n72 or\u00eb gjith\u00ebsej (seanca 90 minut\u00ebshe)<br \/>\nKoh\u00ebzgjatja: 3.5 muaj<br \/>\nNr. i kursant\u00ebve: 5 \u2013 12<\/li>\n<\/ul>\n<p>&nbsp;<\/p>\n<ul>\n<li>Niveli: C1<br \/>\nMetoda: PROGETTO ITALIANO (NUOVO)<br \/>\n72 or\u00eb gjith\u00ebsej (seanca 90 minut\u00ebshe)<br \/>\nKoh\u00ebzgjatja: 3.5 muaj<br \/>\nNr. i kursant\u00ebve: 5 \u2013 12<\/li>\n<\/ul>\n<p>&nbsp;<\/p>\n<ul>\n<li>Niveli: C2<br \/>\nMetoda: PROGETTO ITALIANO (NUOVO)<br \/>\n72 or\u00eb gjith\u00ebsej (seanca 90 minut\u00ebshe)<br \/>\nKoh\u00ebzgjatja: 3.5 muaj<br \/>\nNr. i kursant\u00ebve: 5 \u2013 12<\/li>\n<\/ul>\n<p>&nbsp;<\/p>\n<p>&nbsp;<\/p>\n","protected":false},"excerpt":{"rendered":"<p>Prane Qatar Center ju mund t\u00eb p\u00ebrvet\u00ebsoni m\u00eb s\u00eb miri gjuh\u00ebn italiane dhe t\u00eb merrni \u00e7ertifikat\u00eb t\u00eb posatshme p\u00ebr ushtrimin e gjuh\u00ebs italiane &nbsp; Niveli: A1 Metoda: PROGETTO ITALIANO (NUOVO) 48 or\u00eb gjith\u00ebsej (seanca 90 minut\u00ebshe) Koh\u00ebzgjatja: 2.5 muaj Nr. i kursant\u00ebve: 5 \u2013 12 [&hellip;]<\/p>\n","protected":false},"author":1,"featured_media":0,"parent":0,"menu_order":0,"comment_status":"closed","ping_status":"closed","template":"","meta":{"footnotes":""},"class_list":["post-99","page","type-page","status-publish","hentry"],"_links":{"self":[{"href":"http:\/\/qatarcenter.al\/al\/wp-json\/wp\/v2\/pages\/99","targetHints":{"allow":["GET"]}}],"collection":[{"href":"http:\/\/qatarcenter.al\/al\/wp-json\/wp\/v2\/pages"}],"about":[{"href":"http:\/\/qatarcenter.al\/al\/wp-json\/wp\/v2\/types\/page"}],"author":[{"embeddable":true,"href":"http:\/\/qatarcenter.al\/al\/wp-json\/wp\/v2\/users\/1"}],"replies":[{"embeddable":true,"href":"http:\/\/qatarcenter.al\/al\/wp-json\/wp\/v2\/comments?post=99"}],"version-history":[{"count":3,"href":"http:\/\/qatarcenter.al\/al\/wp-json\/wp\/v2\/pages\/99\/revisions"}],"predecessor-version":[{"id":177,"href":"http:\/\/qatarcenter.al\/al\/wp-json\/wp\/v2\/pages\/99\/revisions\/177"}],"wp:attachment":[{"href":"http:\/\/qatarcenter.al\/al\/wp-json\/wp\/v2\/media?parent=99"}],"curies":[{"name":"wp","href":"https:\/\/api.w.org\/{rel}","templated":true}]}}